{"id":396,"date":"2017-02-08T14:24:09","date_gmt":"2017-02-08T14:24:09","guid":{"rendered":"http:\/\/furega.com\/disfagia\/empassarbe\/"},"modified":"2022-07-06T16:53:31","modified_gmt":"2022-07-06T16:53:31","slug":"empassarbe","status":"publish","type":"page","link":"https:\/\/furega.com\/disfagia\/empassarbe\/?lang=es","title":{"rendered":"Tragar Bien"},"content":{"rendered":"[vc_row type=&#8221;in_container&#8221; full_screen_row_position=&#8221;middle&#8221; column_margin=&#8221;default&#8221; column_direction=&#8221;default&#8221; column_direction_tablet=&#8221;default&#8221; column_direction_phone=&#8221;default&#8221; scene_position=&#8221;center&#8221; text_color=&#8221;dark&#8221; text_align=&#8221;left&#8221; row_border_radius=&#8221;none&#8221; row_border_radius_applies=&#8221;bg&#8221; overlay_strength=&#8221;0.3&#8243; gradient_direction=&#8221;left_to_right&#8221; shape_divider_position=&#8221;bottom&#8221; bg_image_animation=&#8221;none&#8221;][vc_column column_padding=&#8221;no-extra-padding&#8221; column_padding_tablet=&#8221;inherit&#8221; column_padding_phone=&#8221;inherit&#8221; column_padding_position=&#8221;all&#8221; background_color_opacity=&#8221;1&#8243; background_hover_color_opacity=&#8221;1&#8243; column_shadow=&#8221;none&#8221; column_border_radius=&#8221;none&#8221; column_link_target=&#8221;_self&#8221; gradient_direction=&#8221;left_to_right&#8221; overlay_strength=&#8221;0.3&#8243; width=&#8221;1\/1&#8243; tablet_width_inherit=&#8221;default&#8221; tablet_text_alignment=&#8221;default&#8221; phone_text_alignment=&#8221;default&#8221; column_border_width=&#8221;none&#8221; column_border_style=&#8221;solid&#8221; bg_image_animation=&#8221;none&#8221;][page_submenu alignment=&#8221;center&#8221; sticky=&#8221;true&#8221; bg_color=&#8221;#efefef&#8221; link_color=&#8221;#dd9933&#8243;][page_link link_url=&#8221;#inici&#8221; title=&#8221;Inici&#8221; id=&#8221;1657126029997-3&#8243; tab_id=&#8221;1657126029998-10&#8243;] [\/page_link][page_link link_url=&#8221;#activitats&#8221; title=&#8221;Actividades&#8221; id=&#8221;1657126030037-10&#8243; tab_id=&#8221;1657126030038-8&#8243;] [\/page_link][page_link title=&#8221;Entidades Colaboradoras&#8221; id=&#8221;1657126030057-1&#8243; tab_id=&#8221;1657126030058-10&#8243; link_url=&#8221;#entitats&#8221;][\/page_link][\/page_submenu][\/vc_column][\/vc_row][vc_row type=&#8221;in_container&#8221; full_screen_row_position=&#8221;middle&#8221; column_margin=&#8221;default&#8221; column_direction=&#8221;default&#8221; column_direction_tablet=&#8221;default&#8221; column_direction_phone=&#8221;default&#8221; scene_position=&#8221;center&#8221; bottom_padding=&#8221;40&#8243; text_color=&#8221;dark&#8221; text_align=&#8221;left&#8221; row_border_radius=&#8221;none&#8221; row_border_radius_applies=&#8221;bg&#8221; id=&#8221;inici&#8221; overlay_strength=&#8221;0.3&#8243; gradient_direction=&#8221;left_to_right&#8221; shape_divider_position=&#8221;bottom&#8221; bg_image_animation=&#8221;none&#8221;][vc_column column_padding=&#8221;no-extra-padding&#8221; column_padding_tablet=&#8221;inherit&#8221; column_padding_phone=&#8221;inherit&#8221; column_padding_position=&#8221;all&#8221; background_color_opacity=&#8221;1&#8243; background_hover_color_opacity=&#8221;1&#8243; column_shadow=&#8221;none&#8221; column_border_radius=&#8221;none&#8221; column_link_target=&#8221;_self&#8221; gradient_direction=&#8221;left_to_right&#8221; overlay_strength=&#8221;0.3&#8243; width=&#8221;1\/1&#8243; tablet_width_inherit=&#8221;default&#8221; tablet_text_alignment=&#8221;default&#8221; phone_text_alignment=&#8221;default&#8221; column_border_width=&#8221;none&#8221; column_border_style=&#8221;solid&#8221; bg_image_animation=&#8221;none&#8221;][vc_column_text]\n<h1>FUREGA junto la <span style=\"text-decoration: underline;\"><a href=\"http:\/\/www.myessd.org\/\" target=\"_blank\" rel=\"noopener noreferrer\">ESSD <\/a><\/span>(European Society for Swallowing Disorders) han iniciado una campa\u00f1a de concienciaci\u00f3n y sensibilizaci\u00f3n sobre la disfagia orofar\u00edngea con el objetivo de mejorar el conocimiento de la enfermedad al p\u00fablico en general y concienciar de su elevada prevalencia.<\/h1>\n[\/vc_column_text][\/vc_column][\/vc_row][vc_row type=&#8221;full_width_background&#8221; full_screen_row_position=&#8221;middle&#8221; column_margin=&#8221;default&#8221; column_direction=&#8221;default&#8221; column_direction_tablet=&#8221;default&#8221; column_direction_phone=&#8221;default&#8221; bg_color=&#8221;#efefef&#8221; scene_position=&#8221;center&#8221; top_padding=&#8221;40&#8243; bottom_padding=&#8221;40&#8243; text_color=&#8221;dark&#8221; text_align=&#8221;left&#8221; row_border_radius=&#8221;none&#8221; row_border_radius_applies=&#8221;bg&#8221; id=&#8221;activitats&#8221; overlay_strength=&#8221;0.3&#8243; gradient_direction=&#8221;left_to_right&#8221; shape_divider_position=&#8221;bottom&#8221; bg_image_animation=&#8221;none&#8221;][vc_column column_padding=&#8221;no-extra-padding&#8221; column_padding_tablet=&#8221;inherit&#8221; column_padding_phone=&#8221;inherit&#8221; column_padding_position=&#8221;all&#8221; background_color_opacity=&#8221;1&#8243; background_hover_color_opacity=&#8221;1&#8243; column_shadow=&#8221;none&#8221; column_border_radius=&#8221;none&#8221; column_link_target=&#8221;_self&#8221; gradient_direction=&#8221;left_to_right&#8221; overlay_strength=&#8221;0.3&#8243; width=&#8221;1\/1&#8243; tablet_width_inherit=&#8221;default&#8221; tablet_text_alignment=&#8221;default&#8221; phone_text_alignment=&#8221;default&#8221; column_border_width=&#8221;none&#8221; column_border_style=&#8221;solid&#8221; bg_image_animation=&#8221;none&#8221;][vc_column_text]\n<h1>Actividades<\/h1>\n<h2><\/h2>\n<h2>Sesiones de diagn\u00f3stico gratuito<\/h2>\n<p>Una de las actividades de la campa\u00f1a consiste en ofrecer de forma gratuita un diagn\u00f3stico a todos aquellos que lo deseen. Para todos aquellos que sospechan que pueden tener disfagia se habilitar\u00e1n una serie de centros donde poder acudir a realizar un diagn\u00f3stico.<\/p>\n<p>Se trata de unas sesiones que tienen un doble objetivo. Por un lado, facilitar un diagn\u00f3stico a las personas que puedan sospechar que tienen disfagia. Por otro lado, dar formaci\u00f3n del m\u00e9todo de screening MECV-V al personal sanitario que lo desee del centro donde se realice. Gratuito para todos.<\/p>\n<p>A medida que se vayan organizando nuevas sesiones se anunciar\u00e1n en esta p\u00e1gina.<\/p>\n<p>Todos los centros que est\u00e9n interesados \u200b\u200ben participar pueden escribir un email a\u00a0<a href=\"m&#97;&#105;&#x6c;&#x74;&#x6f;:i&#110;&#102;&#x6f;&#x40;&#x66;u&#114;&#101;&#103;&#x61;&#x2e;&#x63;o&#109;\">&#x69;&#110;&#102;o&#x40;&#x66;&#117;r&#x65;&#x67;&#97;&#46;c&#x6f;&#109;<\/a><\/p>\n[\/vc_column_text][divider line_type=&#8221;No Line&#8221; custom_height=&#8221;40&#8243;][vc_column_text]\n<h2>Talleres de cocina<\/h2>\n<p>Otra actividad son los talleres de cocina, tambi\u00e9n gratuitos, dirigidos principalmente a cuidadores en los que aprender c\u00f3mo preparar las diferentes texturas y viscosidades requeridas as\u00ed como los requisitos b\u00e1sicos para garantizar una alimentaci\u00f3n equilibrada en pacientes con disfagia.[\/vc_column_text][\/vc_column][\/vc_row][vc_row type=&#8221;in_container&#8221; full_screen_row_position=&#8221;middle&#8221; column_margin=&#8221;default&#8221; column_direction=&#8221;default&#8221; column_direction_tablet=&#8221;default&#8221; column_direction_phone=&#8221;default&#8221; scene_position=&#8221;center&#8221; top_padding=&#8221;40&#8243; bottom_padding=&#8221;40&#8243; text_color=&#8221;dark&#8221; text_align=&#8221;left&#8221; row_border_radius=&#8221;none&#8221; row_border_radius_applies=&#8221;bg&#8221; id=&#8221;entitats&#8221; overlay_strength=&#8221;0.3&#8243; gradient_direction=&#8221;left_to_right&#8221; shape_divider_position=&#8221;bottom&#8221; bg_image_animation=&#8221;none&#8221;][vc_column column_padding=&#8221;no-extra-padding&#8221; column_padding_tablet=&#8221;inherit&#8221; column_padding_phone=&#8221;inherit&#8221; column_padding_position=&#8221;all&#8221; background_color_opacity=&#8221;1&#8243; background_hover_color_opacity=&#8221;1&#8243; column_shadow=&#8221;none&#8221; column_border_radius=&#8221;none&#8221; column_link_target=&#8221;_self&#8221; gradient_direction=&#8221;left_to_right&#8221; overlay_strength=&#8221;0.3&#8243; width=&#8221;1\/1&#8243; tablet_width_inherit=&#8221;default&#8221; tablet_text_alignment=&#8221;default&#8221; phone_text_alignment=&#8221;default&#8221; column_border_width=&#8221;none&#8221; column_border_style=&#8221;solid&#8221; bg_image_animation=&#8221;none&#8221;][vc_column_text]\n<h1>Entidades Colaboradoras<\/h1>\n[\/vc_column_text][clients columns=&#8221;5&#8243; hover_effect=&#8221;opacity&#8221; additional_padding=&#8221;3&#8243;][client image=&#8221;947&#8243; title=&#8221;Client&#8221; id=&#8221;1657126030284-6&#8243; tab_id=&#8221;1657126030285-0&#8243;] Click the edit button to add your testimonial. [\/client][client image=&#8221;1441&#8243; title=&#8221;Client&#8221; id=&#8221;1657126030303-2&#8243; tab_id=&#8221;1657126030304-6&#8243; url=&#8221;https:\/\/www.ciberehd.org\/&#8221;] Click the edit button to add your testimonial. [\/client][client image=&#8221;948&#8243; title=&#8221;Client&#8221; id=&#8221;1657126030322-4&#8243; tab_id=&#8221;1657126030322-5&#8243;] Click the edit button to add your testimonial. [\/client][client image=&#8221;949&#8243; title=&#8221;Client&#8221; id=&#8221;1657126030339-8&#8243; tab_id=&#8221;1657126030339-10&#8243;][\/client][client image=&#8221;946&#8243; title=&#8221;Client&#8221; id=&#8221;1657126030356-2&#8243; tab_id=&#8221;1657126030357-1&#8243;][\/client][client image=&#8221;945&#8243; title=&#8221;Client&#8221; id=&#8221;1657126030368-6&#8243; tab_id=&#8221;1657126030369-3&#8243;][\/client][client image=&#8221;923&#8243; title=&#8221;Client&#8221; id=&#8221;1657126030382-8&#8243; tab_id=&#8221;1657126030383-7&#8243;][\/client][client image=&#8221;1405&#8243; title=&#8221;Client&#8221; id=&#8221;1657126030396-8&#8243; tab_id=&#8221;1657126030397-5&#8243;][\/client][client image=&#8221;1441&#8243; title=&#8221;Client&#8221; id=&#8221;1657126030411-1&#8243; tab_id=&#8221;1657126030412-0&#8243; url=&#8221;https:\/\/www.ciberehd.org\/&#8221;][\/client][client image=&#8221;1830&#8243; title=&#8221;Client&#8221; id=&#8221;1657126033863-3&#8243; tab_id=&#8221;1657126033865-4&#8243; url=&#8221;https:\/\/www.taliment.com\/&#8221;][\/client][\/clients][\/vc_column][\/vc_row]\n","protected":false},"excerpt":{"rendered":"<p>[vc_row type=&#8221;in_container&#8221; full_screen_row_position=&#8221;middle&#8221; column_margin=&#8221;default&#8221; column_direction=&#8221;default&#8221; column_direction_tablet=&#8221;default&#8221; column_direction_phone=&#8221;default&#8221; scene_position=&#8221;center&#8221; text_color=&#8221;dark&#8221; text_align=&#8221;left&#8221; row_border_radius=&#8221;none&#8221; row_border_radius_applies=&#8221;bg&#8221; overlay_strength=&#8221;0.3&#8243; gradient_direction=&#8221;left_to_right&#8221; shape_divider_position=&#8221;bottom&#8221; bg_image_animation=&#8221;none&#8221;][vc_column column_padding=&#8221;no-extra-padding&#8221; column_padding_tablet=&#8221;inherit&#8221; column_padding_phone=&#8221;inherit&#8221; column_padding_position=&#8221;all&#8221; background_color_opacity=&#8221;1&#8243; background_hover_color_opacity=&#8221;1&#8243; column_shadow=&#8221;none&#8221; column_border_radius=&#8221;none&#8221; column_link_target=&#8221;_self&#8221; gradient_direction=&#8221;left_to_right&#8221; overlay_strength=&#8221;0.3&#8243; width=&#8221;1\/1&#8243; tablet_width_inherit=&#8221;default&#8221; tablet_text_alignment=&#8221;default&#8221;&#8230;<\/p>\n","protected":false},"author":1,"featured_media":0,"parent":0,"menu_order":0,"comment_status":"closed","ping_status":"closed","template":"","meta":{"footnotes":""},"class_list":["post-396","page","type-page","status-publish"],"_links":{"self":[{"href":"https:\/\/furega.com\/disfagia\/wp-json\/wp\/v2\/pages\/396","targetHints":{"allow":["GET"]}}],"collection":[{"href":"https:\/\/furega.com\/disfagia\/wp-json\/wp\/v2\/pages"}],"about":[{"href":"https:\/\/furega.com\/disfagia\/wp-json\/wp\/v2\/types\/page"}],"author":[{"embeddable":true,"href":"https:\/\/furega.com\/disfagia\/wp-json\/wp\/v2\/users\/1"}],"replies":[{"embeddable":true,"href":"https:\/\/furega.com\/disfagia\/wp-json\/wp\/v2\/comments?post=396"}],"version-history":[{"count":19,"href":"https:\/\/furega.com\/disfagia\/wp-json\/wp\/v2\/pages\/396\/revisions"}],"predecessor-version":[{"id":1837,"href":"https:\/\/furega.com\/disfagia\/wp-json\/wp\/v2\/pages\/396\/revisions\/1837"}],"wp:attachment":[{"href":"https:\/\/furega.com\/disfagia\/wp-json\/wp\/v2\/media?parent=396"}],"curies":[{"name":"wp","href":"https:\/\/api.w.org\/{rel}","templated":true}]}}