{"id":1346,"date":"2020-04-25T13:56:20","date_gmt":"2020-04-25T13:56:20","guid":{"rendered":"https:\/\/furega.com\/disfagia\/the-swallow-right-campaign\/"},"modified":"2022-07-06T16:50:57","modified_gmt":"2022-07-06T16:50:57","slug":"the-swallow-right-campaign","status":"publish","type":"page","link":"http:\/\/furega.com\/disfagia\/the-swallow-right-campaign\/?lang=en","title":{"rendered":"The Swallow Right campaign"},"content":{"rendered":"[vc_row type=&#8221;in_container&#8221; full_screen_row_position=&#8221;middle&#8221; column_margin=&#8221;default&#8221; column_direction=&#8221;default&#8221; column_direction_tablet=&#8221;default&#8221; column_direction_phone=&#8221;default&#8221; scene_position=&#8221;center&#8221; text_color=&#8221;dark&#8221; text_align=&#8221;left&#8221; row_border_radius=&#8221;none&#8221; row_border_radius_applies=&#8221;bg&#8221; overlay_strength=&#8221;0.3&#8243; gradient_direction=&#8221;left_to_right&#8221; shape_divider_position=&#8221;bottom&#8221; bg_image_animation=&#8221;none&#8221;][vc_column column_padding=&#8221;no-extra-padding&#8221; column_padding_tablet=&#8221;inherit&#8221; column_padding_phone=&#8221;inherit&#8221; column_padding_position=&#8221;all&#8221; background_color_opacity=&#8221;1&#8243; background_hover_color_opacity=&#8221;1&#8243; column_shadow=&#8221;none&#8221; column_border_radius=&#8221;none&#8221; column_link_target=&#8221;_self&#8221; gradient_direction=&#8221;left_to_right&#8221; overlay_strength=&#8221;0.3&#8243; width=&#8221;1\/1&#8243; tablet_width_inherit=&#8221;default&#8221; tablet_text_alignment=&#8221;default&#8221; phone_text_alignment=&#8221;default&#8221; column_border_width=&#8221;none&#8221; column_border_style=&#8221;solid&#8221; bg_image_animation=&#8221;none&#8221;][page_submenu alignment=&#8221;center&#8221; sticky=&#8221;true&#8221; bg_color=&#8221;#efefef&#8221; link_color=&#8221;#dd9933&#8243;][page_link link_url=&#8221;#inici&#8221; title=&#8221;Home&#8221; id=&#8221;1657126029997-3&#8243; tab_id=&#8221;1657126029998-10&#8243;] [\/page_link][page_link link_url=&#8221;#activitats&#8221; title=&#8221;Activities&#8221; id=&#8221;1657126030037-10&#8243; tab_id=&#8221;1657126030038-8&#8243;] [\/page_link][page_link title=&#8221;Collaborating organizations&#8221; id=&#8221;1657126030057-1&#8243; tab_id=&#8221;1657126030058-10&#8243; link_url=&#8221;#entitats&#8221;][\/page_link][\/page_submenu][\/vc_column][\/vc_row][vc_row type=&#8221;in_container&#8221; full_screen_row_position=&#8221;middle&#8221; column_margin=&#8221;default&#8221; column_direction=&#8221;default&#8221; column_direction_tablet=&#8221;default&#8221; column_direction_phone=&#8221;default&#8221; scene_position=&#8221;center&#8221; bottom_padding=&#8221;40&#8243; text_color=&#8221;dark&#8221; text_align=&#8221;left&#8221; row_border_radius=&#8221;none&#8221; row_border_radius_applies=&#8221;bg&#8221; id=&#8221;inici&#8221; overlay_strength=&#8221;0.3&#8243; gradient_direction=&#8221;left_to_right&#8221; shape_divider_position=&#8221;bottom&#8221; bg_image_animation=&#8221;none&#8221;][vc_column column_padding=&#8221;no-extra-padding&#8221; column_padding_tablet=&#8221;inherit&#8221; column_padding_phone=&#8221;inherit&#8221; column_padding_position=&#8221;all&#8221; background_color_opacity=&#8221;1&#8243; background_hover_color_opacity=&#8221;1&#8243; column_shadow=&#8221;none&#8221; column_border_radius=&#8221;none&#8221; column_link_target=&#8221;_self&#8221; gradient_direction=&#8221;left_to_right&#8221; overlay_strength=&#8221;0.3&#8243; width=&#8221;1\/1&#8243; tablet_width_inherit=&#8221;default&#8221; tablet_text_alignment=&#8221;default&#8221; phone_text_alignment=&#8221;default&#8221; column_border_width=&#8221;none&#8221; column_border_style=&#8221;solid&#8221; bg_image_animation=&#8221;none&#8221;][vc_column_text]\n<h1>FUREGA, with the\u00a0 <a href=\"http:\/\/www.myessd.org\/\" target=\"_blank\" rel=\"noopener noreferrer\">European Society for Swallowing Disorders (ESSD)<\/a>, has organized a campaign with the aim of improving awareness and knowledge of oropharyngeal dysphagia and of its prevalence among the general public.<\/h1>\n[\/vc_column_text][\/vc_column][\/vc_row][vc_row type=&#8221;full_width_background&#8221; full_screen_row_position=&#8221;middle&#8221; column_margin=&#8221;default&#8221; column_direction=&#8221;default&#8221; column_direction_tablet=&#8221;default&#8221; column_direction_phone=&#8221;default&#8221; bg_color=&#8221;#efefef&#8221; scene_position=&#8221;center&#8221; top_padding=&#8221;40&#8243; bottom_padding=&#8221;40&#8243; text_color=&#8221;dark&#8221; text_align=&#8221;left&#8221; row_border_radius=&#8221;none&#8221; row_border_radius_applies=&#8221;bg&#8221; id=&#8221;activitats&#8221; overlay_strength=&#8221;0.3&#8243; gradient_direction=&#8221;left_to_right&#8221; shape_divider_position=&#8221;bottom&#8221; bg_image_animation=&#8221;none&#8221;][vc_column column_padding=&#8221;no-extra-padding&#8221; column_padding_tablet=&#8221;inherit&#8221; column_padding_phone=&#8221;inherit&#8221; column_padding_position=&#8221;all&#8221; background_color_opacity=&#8221;1&#8243; background_hover_color_opacity=&#8221;1&#8243; column_shadow=&#8221;none&#8221; column_border_radius=&#8221;none&#8221; column_link_target=&#8221;_self&#8221; gradient_direction=&#8221;left_to_right&#8221; overlay_strength=&#8221;0.3&#8243; width=&#8221;1\/1&#8243; tablet_width_inherit=&#8221;default&#8221; tablet_text_alignment=&#8221;default&#8221; phone_text_alignment=&#8221;default&#8221; column_border_width=&#8221;none&#8221; column_border_style=&#8221;solid&#8221; bg_image_animation=&#8221;none&#8221;][vc_column_text]\n<h1>Activities<\/h1>\n<h2><\/h2>\n<h2><strong>Sessions de diagn\u00f2stic gratu\u00eft<\/strong><\/h2>\n<p>Una de les activitats de la campanya consisteix en oferir de forma gratu\u00efta un diagn\u00f2stic a tots aquells que ho desitgin. Per a tots aquells que sospitin que poden tenir disf\u00e0gia s\u2019habilitaran una s\u00e8rie de centres on poder acudir a fer-se un diagn\u00f2stic.<\/p>\n<p>Es tracta d\u2019unes sessions que tenen un doble objectiu. Per una banda facilitar un diagn\u00f2stic a les persones que puguin sospitar que tenen disf\u00e0gia. Per l\u2019altra, donar formaci\u00f3 del m\u00e8tode de screening MECV-V al personal sanitari que ho desitgi del centre on es faci. Gratu\u00eft per a tothom.<\/p>\n<p>A mida que es vagin organitzant noves sessions s\u2019anunciaran en aquesta p\u00e1gina.<\/p>\n<p>Tots els centres que estiguin interessats en participar poden escriure un email a <a href=\"mail&#116;&#111;&#58;&#105;&#110;&#x66;&#x6f;&#x40;&#x66;&#x75;&#x72;&#x65;ga&#46;c&#111;&#109;\">&#105;n&#102;o&#64;f&#x75;r&#x65;g&#x61;&#46;&#x63;o&#x6d;<\/a><\/p>\n[\/vc_column_text][divider line_type=&#8221;No Line&#8221; custom_height=&#8221;40&#8243;][vc_column_text]\n<h2>Cookery workshops<\/h2>\n<p>Free cookery workshops are offered, mainly aimed at caregivers, that demonstrate how to prepare foods to the different textures and viscosities required to avoid swallowing difficulties and how to ensure a balanced diet in patients with dysphagia.[\/vc_column_text][\/vc_column][\/vc_row][vc_row type=&#8221;in_container&#8221; full_screen_row_position=&#8221;middle&#8221; column_margin=&#8221;default&#8221; column_direction=&#8221;default&#8221; column_direction_tablet=&#8221;default&#8221; column_direction_phone=&#8221;default&#8221; scene_position=&#8221;center&#8221; top_padding=&#8221;40&#8243; bottom_padding=&#8221;40&#8243; text_color=&#8221;dark&#8221; text_align=&#8221;left&#8221; row_border_radius=&#8221;none&#8221; row_border_radius_applies=&#8221;bg&#8221; id=&#8221;entitats&#8221; overlay_strength=&#8221;0.3&#8243; gradient_direction=&#8221;left_to_right&#8221; shape_divider_position=&#8221;bottom&#8221; bg_image_animation=&#8221;none&#8221;][vc_column column_padding=&#8221;no-extra-padding&#8221; column_padding_tablet=&#8221;inherit&#8221; column_padding_phone=&#8221;inherit&#8221; column_padding_position=&#8221;all&#8221; background_color_opacity=&#8221;1&#8243; background_hover_color_opacity=&#8221;1&#8243; column_shadow=&#8221;none&#8221; column_border_radius=&#8221;none&#8221; column_link_target=&#8221;_self&#8221; gradient_direction=&#8221;left_to_right&#8221; overlay_strength=&#8221;0.3&#8243; width=&#8221;1\/1&#8243; tablet_width_inherit=&#8221;default&#8221; tablet_text_alignment=&#8221;default&#8221; phone_text_alignment=&#8221;default&#8221; column_border_width=&#8221;none&#8221; column_border_style=&#8221;solid&#8221; bg_image_animation=&#8221;none&#8221;][vc_column_text]\n<h1>Collaborating organizations<\/h1>\n[\/vc_column_text][clients columns=&#8221;5&#8243; hover_effect=&#8221;opacity&#8221; additional_padding=&#8221;3&#8243;][client image=&#8221;947&#8243; title=&#8221;Client&#8221; id=&#8221;1657126030284-6&#8243; tab_id=&#8221;1657126030285-0&#8243;] Click the edit button to add your testimonial. [\/client][client image=&#8221;1441&#8243; title=&#8221;Client&#8221; id=&#8221;1657126030303-2&#8243; tab_id=&#8221;1657126030304-6&#8243; url=&#8221;https:\/\/www.ciberehd.org\/&#8221;] Click the edit button to add your testimonial. [\/client][client image=&#8221;948&#8243; title=&#8221;Client&#8221; id=&#8221;1657126030322-4&#8243; tab_id=&#8221;1657126030322-5&#8243;] Click the edit button to add your testimonial. [\/client][client image=&#8221;949&#8243; title=&#8221;Client&#8221; id=&#8221;1657126030339-8&#8243; tab_id=&#8221;1657126030339-10&#8243;][\/client][client image=&#8221;946&#8243; title=&#8221;Client&#8221; id=&#8221;1657126030356-2&#8243; tab_id=&#8221;1657126030357-1&#8243;][\/client][client image=&#8221;945&#8243; title=&#8221;Client&#8221; id=&#8221;1657126030368-6&#8243; tab_id=&#8221;1657126030369-3&#8243;][\/client][client image=&#8221;923&#8243; title=&#8221;Client&#8221; id=&#8221;1657126030382-8&#8243; tab_id=&#8221;1657126030383-7&#8243;][\/client][client image=&#8221;1405&#8243; title=&#8221;Client&#8221; id=&#8221;1657126030396-8&#8243; tab_id=&#8221;1657126030397-5&#8243;][\/client][client image=&#8221;1441&#8243; title=&#8221;Client&#8221; id=&#8221;1657126030411-1&#8243; tab_id=&#8221;1657126030412-0&#8243; url=&#8221;https:\/\/www.ciberehd.org\/&#8221;][\/client][client image=&#8221;1830&#8243; title=&#8221;Client&#8221; id=&#8221;1657126033863-3&#8243; tab_id=&#8221;1657126033865-4&#8243; url=&#8221;https:\/\/www.taliment.com\/&#8221;][\/client][\/clients][\/vc_column][\/vc_row]\n","protected":false},"excerpt":{"rendered":"<p>[vc_row type=&#8221;in_container&#8221; full_screen_row_position=&#8221;middle&#8221; column_margin=&#8221;default&#8221; column_direction=&#8221;default&#8221; column_direction_tablet=&#8221;default&#8221; column_direction_phone=&#8221;default&#8221; scene_position=&#8221;center&#8221; text_color=&#8221;dark&#8221; text_align=&#8221;left&#8221; row_border_radius=&#8221;none&#8221; row_border_radius_applies=&#8221;bg&#8221; overlay_strength=&#8221;0.3&#8243; gradient_direction=&#8221;left_to_right&#8221; shape_divider_position=&#8221;bottom&#8221; bg_image_animation=&#8221;none&#8221;][vc_column column_padding=&#8221;no-extra-padding&#8221; column_padding_tablet=&#8221;inherit&#8221; column_padding_phone=&#8221;inherit&#8221; column_padding_position=&#8221;all&#8221; background_color_opacity=&#8221;1&#8243; background_hover_color_opacity=&#8221;1&#8243; column_shadow=&#8221;none&#8221; column_border_radius=&#8221;none&#8221; column_link_target=&#8221;_self&#8221; gradient_direction=&#8221;left_to_right&#8221; overlay_strength=&#8221;0.3&#8243; width=&#8221;1\/1&#8243; tablet_width_inherit=&#8221;default&#8221; tablet_text_alignment=&#8221;default&#8221;&#8230;<\/p>\n","protected":false},"author":1,"featured_media":0,"parent":0,"menu_order":0,"comment_status":"closed","ping_status":"closed","template":"","meta":{"footnotes":""},"class_list":["post-1346","page","type-page","status-publish"],"_links":{"self":[{"href":"http:\/\/furega.com\/disfagia\/wp-json\/wp\/v2\/pages\/1346","targetHints":{"allow":["GET"]}}],"collection":[{"href":"http:\/\/furega.com\/disfagia\/wp-json\/wp\/v2\/pages"}],"about":[{"href":"http:\/\/furega.com\/disfagia\/wp-json\/wp\/v2\/types\/page"}],"author":[{"embeddable":true,"href":"http:\/\/furega.com\/disfagia\/wp-json\/wp\/v2\/users\/1"}],"replies":[{"embeddable":true,"href":"http:\/\/furega.com\/disfagia\/wp-json\/wp\/v2\/comments?post=1346"}],"version-history":[{"count":9,"href":"http:\/\/furega.com\/disfagia\/wp-json\/wp\/v2\/pages\/1346\/revisions"}],"predecessor-version":[{"id":1835,"href":"http:\/\/furega.com\/disfagia\/wp-json\/wp\/v2\/pages\/1346\/revisions\/1835"}],"wp:attachment":[{"href":"http:\/\/furega.com\/disfagia\/wp-json\/wp\/v2\/media?parent=1346"}],"curies":[{"name":"wp","href":"https:\/\/api.w.org\/{rel}","templated":true}]}}